{"id":108,"date":"2020-07-29T14:43:02","date_gmt":"2020-07-29T12:43:02","guid":{"rendered":"https:\/\/jdemaslatrie.com\/shop\/?page_id=108"},"modified":"2020-09-10T10:34:40","modified_gmt":"2020-09-10T08:34:40","slug":"plan-dacces-a-la-boutique","status":"publish","type":"page","link":"https:\/\/jdemaslatrie.com\/shop\/plan-dacces-a-la-boutique\/","title":{"rendered":"Plan d\u2019acc\u00e8s \u00e0 la boutique"},"content":{"rendered":"\n<div class=\"wp-block-image is-style-default\"><figure class=\"aligncenter size-large\"><a href=\"https:\/\/www.google.fr\/maps\/search\/March%C3%A9+Serpette+all%C3%A9e+4+stand+18\/@48.9029433,2.338422,18z\/data=!3m1!4b1\" target=\"_blank\" rel=\"noopener noreferrer\"><img src=\"https:\/\/jdemaslatrie.com\/shop\/wp-content\/uploads\/2020\/09\/plancopie.jpg\" alt=\"\" class=\"wp-image-316\"\/><\/a><figcaption>cliquez pour ouvrir le lien vers googlemap.<\/figcaption><\/figure><\/div>\n\n\n\n<p class=\"has-text-align-center has-large-font-size\"><strong>110, rue des rosiers | Stand 18, All\u00e9e 4<\/strong><br>93400 Saint-Ouen<br><br>T\u00e9l\u00e9phone : +33 (0) 6 09 86 35 43<\/p>\n\n\n\n<p class=\"has-text-align-center has-medium-font-size\">Ouvert du vendredi au lundi.<\/p>\n","protected":false},"excerpt":{"rendered":"<p>110, rue des rosiers | Stand 18, All\u00e9e 493400 Saint-Ouen T\u00e9l\u00e9phone : +33 (0) 6 09 86 35 43 Ouvert du vendredi au lundi.<\/p>\n","protected":false},"author":1,"featured_media":0,"parent":0,"menu_order":0,"comment_status":"closed","ping_status":"closed","template":"","meta":[],"_links":{"self":[{"href":"https:\/\/jdemaslatrie.com\/shop\/wp-json\/wp\/v2\/pages\/108"}],"collection":[{"href":"https:\/\/jdemaslatrie.com\/shop\/wp-json\/wp\/v2\/pages"}],"about":[{"href":"https:\/\/jdemaslatrie.com\/shop\/wp-json\/wp\/v2\/types\/page"}],"author":[{"embeddable":true,"href":"https:\/\/jdemaslatrie.com\/shop\/wp-json\/wp\/v2\/users\/1"}],"replies":[{"embeddable":true,"href":"https:\/\/jdemaslatrie.com\/shop\/wp-json\/wp\/v2\/comments?post=108"}],"version-history":[{"count":9,"href":"https:\/\/jdemaslatrie.com\/shop\/wp-json\/wp\/v2\/pages\/108\/revisions"}],"predecessor-version":[{"id":320,"href":"https:\/\/jdemaslatrie.com\/shop\/wp-json\/wp\/v2\/pages\/108\/revisions\/320"}],"wp:attachment":[{"href":"https:\/\/jdemaslatrie.com\/shop\/wp-json\/wp\/v2\/media?parent=108"}],"curies":[{"name":"wp","href":"https:\/\/api.w.org\/{rel}","templated":true}]}}