{"id":42,"date":"2020-07-22T09:44:12","date_gmt":"2020-07-22T07:44:12","guid":{"rendered":"https:\/\/jdemaslatrie.com\/shop\/?post_type=product&#038;p=42"},"modified":"2020-08-29T12:29:58","modified_gmt":"2020-08-29T10:29:58","slug":"42","status":"publish","type":"product","link":"https:\/\/jdemaslatrie.com\/shop\/produit\/42\/","title":{"rendered":"Paire de lampes en cristal blanc fum\u00e9"},"content":{"rendered":"<p>Paire de lampes en bronze accompagn\u00e9es de magnifiques cristaux cognac,cisel\u00e9s dans l\u2019\u00e9paisseur .<\/p>\n","protected":false},"excerpt":{"rendered":"<p>Paire de lampes en bronze, cristaux transparents.<\/p>\n","protected":false},"featured_media":43,"template":"","meta":[],"_links":{"self":[{"href":"https:\/\/jdemaslatrie.com\/shop\/wp-json\/wp\/v2\/product\/42"}],"collection":[{"href":"https:\/\/jdemaslatrie.com\/shop\/wp-json\/wp\/v2\/product"}],"about":[{"href":"https:\/\/jdemaslatrie.com\/shop\/wp-json\/wp\/v2\/types\/product"}],"wp:featuredmedia":[{"embeddable":true,"href":"https:\/\/jdemaslatrie.com\/shop\/wp-json\/wp\/v2\/media\/43"}],"wp:attachment":[{"href":"https:\/\/jdemaslatrie.com\/shop\/wp-json\/wp\/v2\/media?parent=42"}],"curies":[{"name":"wp","href":"https:\/\/api.w.org\/{rel}","templated":true}]}}