{"id":64,"date":"2020-07-22T11:38:31","date_gmt":"2020-07-22T09:38:31","guid":{"rendered":"https:\/\/jdemaslatrie.com\/shop\/?post_type=product&#038;p=64"},"modified":"2020-08-29T12:28:35","modified_gmt":"2020-08-29T10:28:35","slug":"paire-de-lampes-en-cristal-bleu-saphir","status":"publish","type":"product","link":"https:\/\/jdemaslatrie.com\/shop\/produit\/paire-de-lampes-en-cristal-bleu-saphir\/","title":{"rendered":"Paire de lampes en cristal bleu-saphir"},"content":{"rendered":"<p>Paire de lampes en cristal bleu-saphir, \u00e9l\u00e9ments anciens mont\u00e9s sur bronze.<\/p>\n","protected":false},"excerpt":{"rendered":"<p>Paire de lampes en cristal bleu-saphir<\/p>\n","protected":false},"featured_media":65,"template":"","meta":[],"_links":{"self":[{"href":"https:\/\/jdemaslatrie.com\/shop\/wp-json\/wp\/v2\/product\/64"}],"collection":[{"href":"https:\/\/jdemaslatrie.com\/shop\/wp-json\/wp\/v2\/product"}],"about":[{"href":"https:\/\/jdemaslatrie.com\/shop\/wp-json\/wp\/v2\/types\/product"}],"wp:featuredmedia":[{"embeddable":true,"href":"https:\/\/jdemaslatrie.com\/shop\/wp-json\/wp\/v2\/media\/65"}],"wp:attachment":[{"href":"https:\/\/jdemaslatrie.com\/shop\/wp-json\/wp\/v2\/media?parent=64"}],"curies":[{"name":"wp","href":"https:\/\/api.w.org\/{rel}","templated":true}]}}