{"id":75,"date":"2020-07-22T11:49:11","date_gmt":"2020-07-22T09:49:11","guid":{"rendered":"https:\/\/jdemaslatrie.com\/shop\/?post_type=product&#038;p=75"},"modified":"2021-01-30T18:35:19","modified_gmt":"2021-01-30T17:35:19","slug":"paire-de-lampes-en-cristal-rouge-rubis-mod008","status":"publish","type":"product","link":"https:\/\/jdemaslatrie.com\/shop\/produit\/paire-de-lampes-en-cristal-rouge-rubis-mod008\/","title":{"rendered":"Paire de lampes en cristal rouge-rubis"},"content":{"rendered":"<p>Paire de lampes en cristal rouge-rubis<br \/>\n\u00c9l\u00e9ments des ann\u00e9es 1930-40<br \/>\nMont\u00e9s sur bronze<\/p>\n","protected":false},"excerpt":{"rendered":"<p>Paire de lampes en cristal rouge-rubis<\/p>\n","protected":false},"featured_media":78,"template":"","meta":[],"_links":{"self":[{"href":"https:\/\/jdemaslatrie.com\/shop\/wp-json\/wp\/v2\/product\/75"}],"collection":[{"href":"https:\/\/jdemaslatrie.com\/shop\/wp-json\/wp\/v2\/product"}],"about":[{"href":"https:\/\/jdemaslatrie.com\/shop\/wp-json\/wp\/v2\/types\/product"}],"wp:featuredmedia":[{"embeddable":true,"href":"https:\/\/jdemaslatrie.com\/shop\/wp-json\/wp\/v2\/media\/78"}],"wp:attachment":[{"href":"https:\/\/jdemaslatrie.com\/shop\/wp-json\/wp\/v2\/media?parent=75"}],"curies":[{"name":"wp","href":"https:\/\/api.w.org\/{rel}","templated":true}]}}